{"id":170,"date":"2019-12-26T17:59:46","date_gmt":"2019-12-26T17:59:46","guid":{"rendered":"http:\/\/sp2bbor.eu\/?page_id=170"},"modified":"2023-10-30T21:03:42","modified_gmt":"2023-10-30T21:03:42","slug":"o-szkole","status":"publish","type":"page","link":"http:\/\/sp2bbor.eu\/?page_id=170","title":{"rendered":"O szkole"},"content":{"rendered":"\n<p>W 1958r. z inicjatywy i na wniosek rodzic\u00f3w utworzono w Bia\u0142ym Borze Szko\u0142\u0119 Podstawow\u0105 z Ukrai\u0144skim J\u0119zykiem Nauczania, kt\u00f3ra rozpocz\u0119\u0142a dzia\u0142alno\u015b\u0107 01.wrze\u015bnia w budynku przy ul. \u017bymierskiego 27. Dla uczni\u00f3w zamiejscowych przy szkole powsta\u0142 internat (przy ul. Armii Czerwonej 9).<\/p>\n\n\n\n<p>W 1961r. nadano jej imi\u0119 wieszcza narodu ukrai\u0144skiego Tarasa Szewczenki.W 1979r, ze wzgl\u0119du na z\u0142y stan techniczny budynku szko\u0142y, szko\u0142\u0119 zamkni\u0119to, a nauk\u0119 przeniesiono pocz\u0105tkowo do Szko\u0142y Podstawowej Nr 1, a nast\u0119pnie do Zespo\u0142u Szk\u00f3\u0142 Ekonomiczno-Rolniczych.<\/p>\n\n\n\n<p>Na jubileusz 25-lecia istnienia szko\u0142y (1983r.) uczniowie rozpocz\u0119li nauk\u0119 w odremontowanym i rozbudowanym budynku. W mi\u0119dzyczasie, w czerwcu 1982r. z podobnych jak wy\u017cej przyczyn zamkni\u0119to internat. Dalsze istnienie szko\u0142y stan\u0119\u0142o pod wielkim znakiem zapytania. Niezw\u0142ocznie powo\u0142ano do \u017cycia Spo\u0142eczny Komitet Budowy Internatu, kt\u00f3ry postawi\u0142 sobie za cel budow\u0119 nowego internatu. Cel ten w latach 1983 \u20131989 uda\u0142o si\u0119 zrealizowa\u0107. Wk\u0142ad spo\u0142eczno\u015bci ukrai\u0144skiej w budow\u0119 tego obiektu wyni\u00f3s\u0142 oko\u0142o 85%.<\/p>\n\n\n\n<p>W 1990r. na bazie Szko\u0142y Podstawowej Nr 2 utworzono I Liceum Og\u00f3lnokszta\u0142c\u0105ce z ukrai\u0144skim j\u0119zykiem nauczania i rozpocz\u0119to starania o budow\u0119 nowej szko\u0142y.<\/p>\n\n\n\n<p>W 1996r. na mocy porozumienia mi\u0119dzy Sejmow\u0105 Komisj\u0105 Mniejszo\u015bci Narodowych i Etnicznych, Kuratorium O\u015bwiaty i Wychowania, Urz\u0119dem Miasta i Gmin Bia\u0142y B\u00f3r oraz &nbsp;Zwi\u0105zkiem Ukrai\u0144c\u00f3w w Polsce, liceum u\u017cyczono pomieszczenia dydaktyczne w nowobudowanej Szkole &nbsp;Podstawowej Nr 1. Do roku 2000 mia\u0142a rozpocz\u0105\u0107 si\u0119 budowa nowego obiektu dla szk\u00f3\u0142 ukrai\u0144skich.<\/p>\n\n\n\n<p>W 1999r. w wyniku reformy o\u015bwiatowej szko\u0142a podstawowa rozpocz\u0119\u0142a kszta\u0142cenie w cyklu sze\u015bcioletnim i utworzono trzyletnie gimnazjum. Z dniem 2 wrze\u015bnia 2002r. wszed\u0142 ostatni etap reformy i rozpocz\u0119\u0142o dzia\u0142alno\u015b\u0107 trzyletnie liceum og\u00f3lnokszta\u0142c\u0105ce.<\/p>\n\n\n\n<p>Do 1996r. organem prowadz\u0105cym dla obydwu szk\u00f3\u0142 by\u0142o Kuratorium O\u015bwiaty i Wychowania. W 1996r. szko\u0142a podstawowa zosta\u0142a przej\u0119ta przez gmin\u0119, a liceum og\u00f3lnokszta\u0142c\u0105ce pozosta\u0142o w kuratorium.<\/p>\n\n\n\n<p>W 1999r. w wyniku reformy administracyjnej kraju powsta\u0142y samorz\u0105dowe powiaty i wojew\u00f3dztwa w wyniku czego organem prowadz\u0105cym I Liceum Og\u00f3lnokszta\u0142c\u0105cego zosta\u0142o Starostwo Powiatowe w Szczecinku, a nast\u0119pnie w 2006r. przekazano nadz\u00f3r nad Liceum do Sejmiku Wojew\u00f3dztwa Zachodniopomorskiego.<\/p>\n\n\n\n<p>W 2016r. zarz\u0105dzanie nad Szko\u0142\u0105 Podstawow\u0105 nr 2 przej\u0119\u0142a Fundacja Rozwoju Demokracji, Edukacji, Kultury i Aktywacji DEKA.<\/p>\n\n\n\n<p>W czasie istnienia szk\u00f3\u0142 dzia\u0142a\u0142y tu i dzia\u0142aj\u0105 zespo\u0142y artystyczne kultywuj\u0105ce, podtrzymuj\u0105ce i rozwijaj\u0105ce kultur\u0119 ukrai\u0144sk\u0105.<\/p>\n<div class='avc_visit_counter_front_simple' style=\" width: 100%; max-width: 300px; border: 2px solid #000000; color:#000000; background-color:#ffffff; border-radius: 0px; float: left; padding: 5px\">  <\/div>","protected":false},"excerpt":{"rendered":"<p>W 1958r. z inicjatywy i na wniosek rodzic\u00f3w utworzono w Bia\u0142ym Borze Szko\u0142\u0119 Podstawow\u0105 z Ukrai\u0144skim J\u0119zykiem Nauczania, kt\u00f3ra rozpocz\u0119\u0142a<\/p>\n","protected":false},"author":1,"featured_media":990,"parent":0,"menu_order":0,"comment_status":"closed","ping_status":"closed","template":"","meta":[],"_links":{"self":[{"href":"http:\/\/sp2bbor.eu\/index.php?rest_route=\/wp\/v2\/pages\/170"}],"collection":[{"href":"http:\/\/sp2bbor.eu\/index.php?rest_route=\/wp\/v2\/pages"}],"about":[{"href":"http:\/\/sp2bbor.eu\/index.php?rest_route=\/wp\/v2\/types\/page"}],"author":[{"embeddable":true,"href":"http:\/\/sp2bbor.eu\/index.php?rest_route=\/wp\/v2\/users\/1"}],"replies":[{"embeddable":true,"href":"http:\/\/sp2bbor.eu\/index.php?rest_route=%2Fwp%2Fv2%2Fcomments&post=170"}],"version-history":[{"count":2,"href":"http:\/\/sp2bbor.eu\/index.php?rest_route=\/wp\/v2\/pages\/170\/revisions"}],"predecessor-version":[{"id":181,"href":"http:\/\/sp2bbor.eu\/index.php?rest_route=\/wp\/v2\/pages\/170\/revisions\/181"}],"wp:featuredmedia":[{"embeddable":true,"href":"http:\/\/sp2bbor.eu\/index.php?rest_route=\/wp\/v2\/media\/990"}],"wp:attachment":[{"href":"http:\/\/sp2bbor.eu\/index.php?rest_route=%2Fwp%2Fv2%2Fmedia&parent=170"}],"curies":[{"name":"wp","href":"https:\/\/api.w.org\/{rel}","templated":true}]}}